{"id":889,"date":"2023-12-16T21:45:36","date_gmt":"2023-12-16T20:45:36","guid":{"rendered":"http:\/\/serwer239744.lh.pl\/autoinstalator\/serwer239744.lh.pl\/wordpress44403\/?page_id=889"},"modified":"2026-02-04T10:27:15","modified_gmt":"2026-02-04T09:27:15","slug":"pilotowanie-wycieczek","status":"publish","type":"page","link":"https:\/\/www.manufakturaturystyki.pl\/index.php\/pilotowanie-wycieczek\/","title":{"rendered":"Pilotowanie wycieczek"},"content":{"rendered":"\n<h4 class=\"wp-block-heading\">Pilotowanie wycieczek<\/h4>\n\n\n\n<p>Wycieczka nie mo\u017ce by\u0107 nudna!<\/p>\n\n\n\n<p>Nawet d\u0142ugi, wielogodzinny przejazd autokarem mo\u017cna uatrakcyjni\u0107 ciekawymi opowie\u015bciami o napotykanych po drodze interesuj\u0105cych miejscach. A jest ich naprawd\u0119 wiele! Uczestnicy moich imprez nie tylko znaj\u0105 program, wiedz\u0105 co ich na bie\u017c\u0105co czeka ale tak\u017ce z wyprawy wynosz\u0105 spor\u0105 dawk\u0119 wiedzy o pokonywanej trasie, mijanych obiektach i pa\u0144stwach przez kt\u00f3re lub do kt\u00f3rych zmierzamy.<\/p>\n\n\n\n<p>Dbaj\u0105c o merytoryczno\u015b\u0107 przekazu robi\u0119 wszystko, aby w pe\u0142ni zrealizowa\u0107 program wycieczki. Nierzadko udaje si\u0119 pokaza\u0107 nawet wi\u0119cej \ud83d\ude42<\/p>\n\n\n\n<p>Moj\u0105 specjalno\u015bci\u0105 s\u0105 wyprawy po Polsce, ale pilotowa\u0142em tak\u017ce grupy na Litw\u0119, S\u0142owacj\u0119 do Czech i na Ukrain\u0119.<\/p>\n\n\n\n<p>Potwierdzeniem moich kwalifikacji by\u0142o nadanie w 2000 roku przez Urz\u0105d Marsza\u0142kowski uprawnie\u0144 pilota wycieczek; od tego momentu jestem czynnym pilotem i ca\u0142y czas podnosz\u0119 swoje kwalifikacje.<\/p>\n\n\n\n<p><a href=\"https:\/\/www.manufakturaturystyki.pl\/index.php\/uslugi-przewodnickie\/\" data-type=\"page\" data-id=\"887\">Polecam tak\u017ce us\u0142ugi przewodnickie po Lubelszczy\u017anie (w tym Poleski i Roztocza\u0144ski Parki Narodowe).<\/a><\/p>\n\n\n\n<p><a data-type=\"page\" data-id=\"701\" href=\"https:\/\/www.manufakturaturystyki.pl\/index.php\/kontakt\/\"><strong>&gt;&gt;Zapraszam do nawi\u0105zania kontaktu&lt;&lt;<\/strong><\/a><\/p>\n\n\n\n<p><a href=\"https:\/\/www.manufakturaturystyki.pl\/wp-content\/uploads\/2026\/02\/oferta_2026.pdf\" target=\"_blank\" rel=\"noreferrer noopener\"><strong>oferta do wydruku<\/strong><\/a><\/p>\n\n\n\n<div class=\"wp-block-stackable-columns alignwide stk-block-columns stk-has-bottom-separator stk-block stk-5e81bf5\" data-block-id=\"5e81bf5\"><style>.stk-5e81bf5 {min-height:0px !important;max-width:1200px !important;min-width:auto !important;margin-right:auto !important;margin-bottom:var(--stk--preset--spacing--70, 3.38rem) !important;margin-left:auto !important;}.stk-5e81bf5-column{max-width:1343px !important;min-width:auto !important;--stk-columns-spacing:0px !important;--stk-column-gap:0px !important;row-gap:0px !important;}.stk-5e81bf5 > .stk-separator__top .stk-separator__wrapper{transform:scaleX(1) !important;}.stk-5e81bf5 > .stk-separator__top svg{filter:none !important;}<\/style><div class=\"stk-row stk-inner-blocks stk-block-content stk-content-align stk-5e81bf5-column alignwide\">\n<div class=\"wp-block-stackable-column stk-block-column stk-column stk-block stk-5bd1fd4\" data-v=\"4\" data-block-id=\"5bd1fd4\"><div class=\"stk-column-wrapper stk-block-column__content stk-container stk-5bd1fd4-container stk--no-background stk--no-padding\"><div class=\"stk-block-content stk-inner-blocks stk-5bd1fd4-inner-blocks\">\n<div class=\"wp-block-stackable-columns stk-block-columns stk-block stk-3917c95\" data-block-id=\"3917c95\"><div class=\"stk-row stk-inner-blocks stk-block-content stk-content-align stk-3917c95-column\">\n<div class=\"wp-block-stackable-column stk-block-column stk-column stk-block stk-dcddac8\" data-v=\"4\" data-block-id=\"dcddac8\"><div class=\"stk-column-wrapper stk-block-column__content stk-container stk-dcddac8-container stk--no-background stk--no-padding\"><div class=\"stk-block-content stk-inner-blocks stk-dcddac8-inner-blocks\">\n<div class=\"wp-block-stackable-image stk-block-image stk-block stk-874131d\" data-block-id=\"874131d\"><style>.stk-874131d .stk-img-wrapper{aspect-ratio:1\/1 !important;height:auto !important;}@media screen and (max-width:999px){.stk-874131d .stk-img-wrapper{height:auto !important;}}@media screen and (max-width:689px){.stk-874131d .stk-img-wrapper{height:auto !important;}}<\/style><figure><span class=\"stk-img-wrapper stk-image--shape-stretch stk--has-lightbox\"><img loading=\"lazy\" decoding=\"async\" class=\"stk-img wp-image-2105\" src=\"https:\/\/www.manufakturaturystyki.pl\/wp-content\/uploads\/2026\/01\/20250928_152923-1-scaled.jpg\" width=\"1920\" height=\"2560\" srcset=\"https:\/\/www.manufakturaturystyki.pl\/wp-content\/uploads\/2026\/01\/20250928_152923-1-scaled.jpg 1920w, https:\/\/www.manufakturaturystyki.pl\/wp-content\/uploads\/2026\/01\/20250928_152923-1-225x300.jpg 225w, https:\/\/www.manufakturaturystyki.pl\/wp-content\/uploads\/2026\/01\/20250928_152923-1-768x1024.jpg 768w, https:\/\/www.manufakturaturystyki.pl\/wp-content\/uploads\/2026\/01\/20250928_152923-1-1152x1536.jpg 1152w, https:\/\/www.manufakturaturystyki.pl\/wp-content\/uploads\/2026\/01\/20250928_152923-1-1536x2048.jpg 1536w\" sizes=\"auto, (max-width: 1920px) 100vw, 1920px\" \/><\/span><\/figure><\/div>\n<\/div><\/div><\/div>\n\n\n\n<div class=\"wp-block-stackable-column stk-block-column stk-column stk-block stk-53e79f5\" data-v=\"4\" data-block-id=\"53e79f5\"><div class=\"stk-column-wrapper stk-block-column__content stk-container stk-53e79f5-container stk--no-background stk--no-padding\"><div class=\"stk-block-content stk-inner-blocks stk-53e79f5-inner-blocks\">\n<div class=\"wp-block-stackable-image stk-block-image stk-block stk-3ba4a2a\" data-block-id=\"3ba4a2a\"><style>.stk-3ba4a2a .stk-img-wrapper{aspect-ratio:1\/1 !important;height:auto !important;}@media screen and (max-width:999px){.stk-3ba4a2a .stk-img-wrapper{height:auto !important;}}@media screen and (max-width:689px){.stk-3ba4a2a .stk-img-wrapper{height:auto !important;}}<\/style><figure><span class=\"stk-img-wrapper stk-image--shape-stretch stk--has-lightbox\"><img loading=\"lazy\" decoding=\"async\" class=\"stk-img wp-image-2104\" src=\"https:\/\/www.manufakturaturystyki.pl\/wp-content\/uploads\/2026\/01\/20250528_082040-scaled.jpg\" width=\"1920\" height=\"2560\" srcset=\"https:\/\/www.manufakturaturystyki.pl\/wp-content\/uploads\/2026\/01\/20250528_082040-scaled.jpg 1920w, https:\/\/www.manufakturaturystyki.pl\/wp-content\/uploads\/2026\/01\/20250528_082040-225x300.jpg 225w, https:\/\/www.manufakturaturystyki.pl\/wp-content\/uploads\/2026\/01\/20250528_082040-768x1024.jpg 768w, https:\/\/www.manufakturaturystyki.pl\/wp-content\/uploads\/2026\/01\/20250528_082040-1152x1536.jpg 1152w, https:\/\/www.manufakturaturystyki.pl\/wp-content\/uploads\/2026\/01\/20250528_082040-1536x2048.jpg 1536w\" sizes=\"auto, (max-width: 1920px) 100vw, 1920px\" \/><\/span><\/figure><\/div>\n<\/div><\/div><\/div>\n\n\n\n<div class=\"wp-block-stackable-column stk-block-column stk-column stk-block stk-72e45e6\" data-v=\"4\" data-block-id=\"72e45e6\"><div class=\"stk-column-wrapper stk-block-column__content stk-container stk-72e45e6-container stk--no-background stk--no-padding\"><div class=\"stk-block-content stk-inner-blocks stk-72e45e6-inner-blocks\">\n<div class=\"wp-block-stackable-image stk-block-image stk-block stk-ff864de\" data-block-id=\"ff864de\"><style>.stk-ff864de .stk-img-wrapper{aspect-ratio:1\/1 !important;height:auto !important;}@media screen and (max-width:999px){.stk-ff864de .stk-img-wrapper{height:auto !important;}}@media screen and (max-width:689px){.stk-ff864de .stk-img-wrapper{height:auto !important;}}<\/style><figure><span class=\"stk-img-wrapper stk-image--shape-stretch stk--has-lightbox\"><img loading=\"lazy\" decoding=\"async\" class=\"stk-img wp-image-2107\" src=\"https:\/\/www.manufakturaturystyki.pl\/wp-content\/uploads\/2026\/01\/20251022_110734-scaled.jpg\" width=\"2560\" height=\"1920\" srcset=\"https:\/\/www.manufakturaturystyki.pl\/wp-content\/uploads\/2026\/01\/20251022_110734-scaled.jpg 2560w, https:\/\/www.manufakturaturystyki.pl\/wp-content\/uploads\/2026\/01\/20251022_110734-300x225.jpg 300w, https:\/\/www.manufakturaturystyki.pl\/wp-content\/uploads\/2026\/01\/20251022_110734-1024x768.jpg 1024w, https:\/\/www.manufakturaturystyki.pl\/wp-content\/uploads\/2026\/01\/20251022_110734-768x576.jpg 768w, https:\/\/www.manufakturaturystyki.pl\/wp-content\/uploads\/2026\/01\/20251022_110734-1536x1152.jpg 1536w, https:\/\/www.manufakturaturystyki.pl\/wp-content\/uploads\/2026\/01\/20251022_110734-2048x1536.jpg 2048w\" sizes=\"auto, (max-width: 2560px) 100vw, 2560px\" \/><\/span><\/figure><\/div>\n<\/div><\/div><\/div>\n<\/div><\/div>\n<\/div><\/div><\/div>\n<\/div><div class=\"stk-separator stk-separator__bottom\"><div class=\"stk-separator__wrapper\"><svg xmlns=\"http:\/\/www.w3.org\/2000\/svg\" viewBox=\"0 0 1600 200\" class=\"stk-separator__layer-1\" preserveAspectRatio=\"none\" aria-hidden=\"true\"><path class=\"wave-1_svg__st2\" d=\"M1341.4 48.9c-182.4 0-254.2 80.4-429.4 80.4-117.8 0-209.7-67.5-393.5-67.5-142.2 0-212.6 38.8-324.6 38.8S-10 64.7-10 64.7V210h1620V102c-110.6-40.2-181-53.1-268.6-53.1z\"><\/path><\/svg><\/div><\/div><\/div>\n","protected":false},"excerpt":{"rendered":"<p>Pilotowanie wycieczek Wycieczka nie mo\u017ce by\u0107 nudna! Nawet d\u0142ugi, wielogodzinny przejazd autokarem mo\u017cna uatrakcyjni\u0107 ciekawymi opowie\u015bciami o napotykanych po drodze interesuj\u0105cych miejscach. A jest ich naprawd\u0119 wiele! Uczestnicy moich imprez nie tylko znaj\u0105 program, wiedz\u0105 co ich na bie\u017c\u0105co czeka ale tak\u017ce z wyprawy wynosz\u0105 spor\u0105 dawk\u0119 wiedzy o pokonywanej trasie, mijanych obiektach i pa\u0144stwach [&hellip;]<\/p>\n","protected":false},"author":1,"featured_media":1196,"parent":0,"menu_order":0,"comment_status":"closed","ping_status":"closed","template":"","meta":{"footnotes":""},"folder":[],"class_list":["post-889","page","type-page","status-publish","has-post-thumbnail","hentry"],"blocksy_meta":[],"yoast_head":"<!-- This site is optimized with the Yoast SEO plugin v27.4 - https:\/\/yoast.com\/product\/yoast-seo-wordpress\/ -->\n<title>Pilotowanie wycieczek<\/title>\n<meta name=\"description\" content=\"Manufaktura Turystyki to towarzyszenie grupom autokarowym, a wi\u0119c pilotowanie wycieczek. Nasza specjalno\u015b\u0107 to autorskie wyprawy poza szlakami\" \/>\n<meta name=\"robots\" content=\"index, follow, max-snippet:-1, max-image-preview:large, max-video-preview:-1\" \/>\n<link rel=\"canonical\" href=\"https:\/\/www.manufakturaturystyki.pl\/index.php\/pilotowanie-wycieczek\/\" \/>\n<meta property=\"og:locale\" content=\"pl_PL\" \/>\n<meta property=\"og:type\" content=\"article\" \/>\n<meta property=\"og:title\" content=\"Pilotowanie wycieczek\" \/>\n<meta property=\"og:description\" content=\"Manufaktura Turystyki to towarzyszenie grupom autokarowym, a wi\u0119c pilotowanie wycieczek. Nasza specjalno\u015b\u0107 to autorskie wyprawy poza szlakami\" \/>\n<meta property=\"og:url\" content=\"https:\/\/www.manufakturaturystyki.pl\/index.php\/pilotowanie-wycieczek\/\" \/>\n<meta property=\"og:site_name\" content=\"Manufaktura Turystyki\" \/>\n<meta property=\"article:publisher\" content=\"https:\/\/www.facebook.com\/manufakturaturystyki\" \/>\n<meta property=\"article:modified_time\" content=\"2026-02-04T09:27:15+00:00\" \/>\n<meta property=\"og:image\" content=\"https:\/\/www.manufakturaturystyki.pl\/wp-content\/uploads\/2023\/12\/logo_kula_wkwadracie.jpg\" \/>\n\t<meta property=\"og:image:width\" content=\"625\" \/>\n\t<meta property=\"og:image:height\" content=\"625\" \/>\n\t<meta property=\"og:image:type\" content=\"image\/jpeg\" \/>\n<meta name=\"twitter:card\" content=\"summary_large_image\" \/>\n<meta name=\"twitter:label1\" content=\"Szacowany czas czytania\" \/>\n\t<meta name=\"twitter:data1\" content=\"2 minuty\" \/>\n<script type=\"application\/ld+json\" class=\"yoast-schema-graph\">{\"@context\":\"https:\\\/\\\/schema.org\",\"@graph\":[{\"@type\":\"WebPage\",\"@id\":\"https:\\\/\\\/www.manufakturaturystyki.pl\\\/index.php\\\/pilotowanie-wycieczek\\\/\",\"url\":\"https:\\\/\\\/www.manufakturaturystyki.pl\\\/index.php\\\/pilotowanie-wycieczek\\\/\",\"name\":\"Pilotowanie wycieczek\",\"isPartOf\":{\"@id\":\"https:\\\/\\\/www.manufakturaturystyki.pl\\\/#website\"},\"primaryImageOfPage\":{\"@id\":\"https:\\\/\\\/www.manufakturaturystyki.pl\\\/index.php\\\/pilotowanie-wycieczek\\\/#primaryimage\"},\"image\":{\"@id\":\"https:\\\/\\\/www.manufakturaturystyki.pl\\\/index.php\\\/pilotowanie-wycieczek\\\/#primaryimage\"},\"thumbnailUrl\":\"https:\\\/\\\/www.manufakturaturystyki.pl\\\/wp-content\\\/uploads\\\/2023\\\/12\\\/logo_kula_wkwadracie.jpg\",\"datePublished\":\"2023-12-16T20:45:36+00:00\",\"dateModified\":\"2026-02-04T09:27:15+00:00\",\"description\":\"Manufaktura Turystyki to towarzyszenie grupom autokarowym, a wi\u0119c pilotowanie wycieczek. Nasza specjalno\u015b\u0107 to autorskie wyprawy poza szlakami\",\"breadcrumb\":{\"@id\":\"https:\\\/\\\/www.manufakturaturystyki.pl\\\/index.php\\\/pilotowanie-wycieczek\\\/#breadcrumb\"},\"inLanguage\":\"pl-PL\",\"potentialAction\":[{\"@type\":\"ReadAction\",\"target\":[\"https:\\\/\\\/www.manufakturaturystyki.pl\\\/index.php\\\/pilotowanie-wycieczek\\\/\"]}]},{\"@type\":\"ImageObject\",\"inLanguage\":\"pl-PL\",\"@id\":\"https:\\\/\\\/www.manufakturaturystyki.pl\\\/index.php\\\/pilotowanie-wycieczek\\\/#primaryimage\",\"url\":\"https:\\\/\\\/www.manufakturaturystyki.pl\\\/wp-content\\\/uploads\\\/2023\\\/12\\\/logo_kula_wkwadracie.jpg\",\"contentUrl\":\"https:\\\/\\\/www.manufakturaturystyki.pl\\\/wp-content\\\/uploads\\\/2023\\\/12\\\/logo_kula_wkwadracie.jpg\",\"width\":625,\"height\":625,\"caption\":\"Logo Manufaktura Turystyki\"},{\"@type\":\"BreadcrumbList\",\"@id\":\"https:\\\/\\\/www.manufakturaturystyki.pl\\\/index.php\\\/pilotowanie-wycieczek\\\/#breadcrumb\",\"itemListElement\":[{\"@type\":\"ListItem\",\"position\":1,\"name\":\"Strona g\u0142\u00f3wna\",\"item\":\"https:\\\/\\\/www.manufakturaturystyki.pl\\\/\"},{\"@type\":\"ListItem\",\"position\":2,\"name\":\"Pilotowanie wycieczek\"}]},{\"@type\":\"WebSite\",\"@id\":\"https:\\\/\\\/www.manufakturaturystyki.pl\\\/#website\",\"url\":\"https:\\\/\\\/www.manufakturaturystyki.pl\\\/\",\"name\":\"Manufaktura Turystyki\",\"description\":\"\",\"publisher\":{\"@id\":\"https:\\\/\\\/www.manufakturaturystyki.pl\\\/#organization\"},\"potentialAction\":[{\"@type\":\"SearchAction\",\"target\":{\"@type\":\"EntryPoint\",\"urlTemplate\":\"https:\\\/\\\/www.manufakturaturystyki.pl\\\/?s={search_term_string}\"},\"query-input\":{\"@type\":\"PropertyValueSpecification\",\"valueRequired\":true,\"valueName\":\"search_term_string\"}}],\"inLanguage\":\"pl-PL\"},{\"@type\":\"Organization\",\"@id\":\"https:\\\/\\\/www.manufakturaturystyki.pl\\\/#organization\",\"name\":\"Manufaktura Turystyki\",\"url\":\"https:\\\/\\\/www.manufakturaturystyki.pl\\\/\",\"logo\":{\"@type\":\"ImageObject\",\"inLanguage\":\"pl-PL\",\"@id\":\"https:\\\/\\\/www.manufakturaturystyki.pl\\\/#\\\/schema\\\/logo\\\/image\\\/\",\"url\":\"https:\\\/\\\/www.manufakturaturystyki.pl\\\/wp-content\\\/uploads\\\/2023\\\/11\\\/logopng.png\",\"contentUrl\":\"https:\\\/\\\/www.manufakturaturystyki.pl\\\/wp-content\\\/uploads\\\/2023\\\/11\\\/logopng.png\",\"width\":763,\"height\":594,\"caption\":\"Manufaktura Turystyki\"},\"image\":{\"@id\":\"https:\\\/\\\/www.manufakturaturystyki.pl\\\/#\\\/schema\\\/logo\\\/image\\\/\"},\"sameAs\":[\"https:\\\/\\\/www.facebook.com\\\/manufakturaturystyki\",\"https:\\\/\\\/www.instagram.com\\\/manufakturaturystyki\\\/\"]}]}<\/script>\n<!-- \/ Yoast SEO plugin. -->","yoast_head_json":{"title":"Pilotowanie wycieczek","description":"Manufaktura Turystyki to towarzyszenie grupom autokarowym, a wi\u0119c pilotowanie wycieczek. Nasza specjalno\u015b\u0107 to autorskie wyprawy poza szlakami","robots":{"index":"index","follow":"follow","max-snippet":"max-snippet:-1","max-image-preview":"max-image-preview:large","max-video-preview":"max-video-preview:-1"},"canonical":"https:\/\/www.manufakturaturystyki.pl\/index.php\/pilotowanie-wycieczek\/","og_locale":"pl_PL","og_type":"article","og_title":"Pilotowanie wycieczek","og_description":"Manufaktura Turystyki to towarzyszenie grupom autokarowym, a wi\u0119c pilotowanie wycieczek. Nasza specjalno\u015b\u0107 to autorskie wyprawy poza szlakami","og_url":"https:\/\/www.manufakturaturystyki.pl\/index.php\/pilotowanie-wycieczek\/","og_site_name":"Manufaktura Turystyki","article_publisher":"https:\/\/www.facebook.com\/manufakturaturystyki","article_modified_time":"2026-02-04T09:27:15+00:00","og_image":[{"width":625,"height":625,"url":"https:\/\/www.manufakturaturystyki.pl\/wp-content\/uploads\/2023\/12\/logo_kula_wkwadracie.jpg","type":"image\/jpeg"}],"twitter_card":"summary_large_image","twitter_misc":{"Szacowany czas czytania":"2 minuty"},"schema":{"@context":"https:\/\/schema.org","@graph":[{"@type":"WebPage","@id":"https:\/\/www.manufakturaturystyki.pl\/index.php\/pilotowanie-wycieczek\/","url":"https:\/\/www.manufakturaturystyki.pl\/index.php\/pilotowanie-wycieczek\/","name":"Pilotowanie wycieczek","isPartOf":{"@id":"https:\/\/www.manufakturaturystyki.pl\/#website"},"primaryImageOfPage":{"@id":"https:\/\/www.manufakturaturystyki.pl\/index.php\/pilotowanie-wycieczek\/#primaryimage"},"image":{"@id":"https:\/\/www.manufakturaturystyki.pl\/index.php\/pilotowanie-wycieczek\/#primaryimage"},"thumbnailUrl":"https:\/\/www.manufakturaturystyki.pl\/wp-content\/uploads\/2023\/12\/logo_kula_wkwadracie.jpg","datePublished":"2023-12-16T20:45:36+00:00","dateModified":"2026-02-04T09:27:15+00:00","description":"Manufaktura Turystyki to towarzyszenie grupom autokarowym, a wi\u0119c pilotowanie wycieczek. Nasza specjalno\u015b\u0107 to autorskie wyprawy poza szlakami","breadcrumb":{"@id":"https:\/\/www.manufakturaturystyki.pl\/index.php\/pilotowanie-wycieczek\/#breadcrumb"},"inLanguage":"pl-PL","potentialAction":[{"@type":"ReadAction","target":["https:\/\/www.manufakturaturystyki.pl\/index.php\/pilotowanie-wycieczek\/"]}]},{"@type":"ImageObject","inLanguage":"pl-PL","@id":"https:\/\/www.manufakturaturystyki.pl\/index.php\/pilotowanie-wycieczek\/#primaryimage","url":"https:\/\/www.manufakturaturystyki.pl\/wp-content\/uploads\/2023\/12\/logo_kula_wkwadracie.jpg","contentUrl":"https:\/\/www.manufakturaturystyki.pl\/wp-content\/uploads\/2023\/12\/logo_kula_wkwadracie.jpg","width":625,"height":625,"caption":"Logo Manufaktura Turystyki"},{"@type":"BreadcrumbList","@id":"https:\/\/www.manufakturaturystyki.pl\/index.php\/pilotowanie-wycieczek\/#breadcrumb","itemListElement":[{"@type":"ListItem","position":1,"name":"Strona g\u0142\u00f3wna","item":"https:\/\/www.manufakturaturystyki.pl\/"},{"@type":"ListItem","position":2,"name":"Pilotowanie wycieczek"}]},{"@type":"WebSite","@id":"https:\/\/www.manufakturaturystyki.pl\/#website","url":"https:\/\/www.manufakturaturystyki.pl\/","name":"Manufaktura Turystyki","description":"","publisher":{"@id":"https:\/\/www.manufakturaturystyki.pl\/#organization"},"potentialAction":[{"@type":"SearchAction","target":{"@type":"EntryPoint","urlTemplate":"https:\/\/www.manufakturaturystyki.pl\/?s={search_term_string}"},"query-input":{"@type":"PropertyValueSpecification","valueRequired":true,"valueName":"search_term_string"}}],"inLanguage":"pl-PL"},{"@type":"Organization","@id":"https:\/\/www.manufakturaturystyki.pl\/#organization","name":"Manufaktura Turystyki","url":"https:\/\/www.manufakturaturystyki.pl\/","logo":{"@type":"ImageObject","inLanguage":"pl-PL","@id":"https:\/\/www.manufakturaturystyki.pl\/#\/schema\/logo\/image\/","url":"https:\/\/www.manufakturaturystyki.pl\/wp-content\/uploads\/2023\/11\/logopng.png","contentUrl":"https:\/\/www.manufakturaturystyki.pl\/wp-content\/uploads\/2023\/11\/logopng.png","width":763,"height":594,"caption":"Manufaktura Turystyki"},"image":{"@id":"https:\/\/www.manufakturaturystyki.pl\/#\/schema\/logo\/image\/"},"sameAs":["https:\/\/www.facebook.com\/manufakturaturystyki","https:\/\/www.instagram.com\/manufakturaturystyki\/"]}]}},"_links":{"self":[{"href":"https:\/\/www.manufakturaturystyki.pl\/index.php\/wp-json\/wp\/v2\/pages\/889","targetHints":{"allow":["GET"]}}],"collection":[{"href":"https:\/\/www.manufakturaturystyki.pl\/index.php\/wp-json\/wp\/v2\/pages"}],"about":[{"href":"https:\/\/www.manufakturaturystyki.pl\/index.php\/wp-json\/wp\/v2\/types\/page"}],"author":[{"embeddable":true,"href":"https:\/\/www.manufakturaturystyki.pl\/index.php\/wp-json\/wp\/v2\/users\/1"}],"replies":[{"embeddable":true,"href":"https:\/\/www.manufakturaturystyki.pl\/index.php\/wp-json\/wp\/v2\/comments?post=889"}],"version-history":[{"count":27,"href":"https:\/\/www.manufakturaturystyki.pl\/index.php\/wp-json\/wp\/v2\/pages\/889\/revisions"}],"predecessor-version":[{"id":2169,"href":"https:\/\/www.manufakturaturystyki.pl\/index.php\/wp-json\/wp\/v2\/pages\/889\/revisions\/2169"}],"wp:featuredmedia":[{"embeddable":true,"href":"https:\/\/www.manufakturaturystyki.pl\/index.php\/wp-json\/wp\/v2\/media\/1196"}],"wp:attachment":[{"href":"https:\/\/www.manufakturaturystyki.pl\/index.php\/wp-json\/wp\/v2\/media?parent=889"}],"wp:term":[{"taxonomy":"folder","embeddable":true,"href":"https:\/\/www.manufakturaturystyki.pl\/index.php\/wp-json\/wp\/v2\/folder?post=889"}],"curies":[{"name":"wp","href":"https:\/\/api.w.org\/{rel}","templated":true}]}}