{"id":701,"date":"2023-12-16T09:37:05","date_gmt":"2023-12-16T08:37:05","guid":{"rendered":"http:\/\/serwer239744.lh.pl\/autoinstalator\/serwer239744.lh.pl\/wordpress44403\/?page_id=701"},"modified":"2023-12-28T10:23:30","modified_gmt":"2023-12-28T09:23:30","slug":"kontakt","status":"publish","type":"page","link":"https:\/\/www.manufakturaturystyki.pl\/index.php\/kontakt\/","title":{"rendered":"Kontakt"},"content":{"rendered":"\n<h5 class=\"wp-block-heading\"><strong><span style=\"color: #9c5742;\" class=\"stk-highlight\">Manufaktura Turystyki<\/span><\/strong><\/h5>\n\n\n\n<p>ul. Prz\u0105\u015bniczki 5\/13<br>20-838 Lublin<br>tel. +48 607929736<\/p>\n\n\n<div class=\"wpforms-container wpforms-block wpforms-block-bce08373-69d9-431f-a164-4959ce38ee6d wpforms-render-modern\" id=\"wpforms-1041\"><form id=\"wpforms-form-1041\" class=\"wpforms-validate wpforms-form wpforms-ajax-form\" data-formid=\"1041\" method=\"post\" enctype=\"multipart\/form-data\" action=\"\/index.php\/wp-json\/wp\/v2\/pages\/701\" data-token=\"a1cffaa5229dfebe3376d0fa6cc87fe8\" data-token-time=\"1776478872\"><noscript class=\"wpforms-error-noscript\">Aby wype\u0142ni\u0107 ten formularz, w\u0142\u0105cz obs\u0142ug\u0119 JavaScript w przegl\u0105darce.<\/noscript><div id=\"wpforms-error-noscript\" style=\"display: none;\">Aby wype\u0142ni\u0107 ten formularz, w\u0142\u0105cz obs\u0142ug\u0119 JavaScript w przegl\u0105darce.<\/div><div class=\"wpforms-field-container\"><div id=\"wpforms-1041-field_0-container\" class=\"wpforms-field wpforms-field-name\" data-field-id=\"0\"><label class=\"wpforms-field-label\" for=\"wpforms-1041-field_0\">Nazwa <span class=\"wpforms-required-label\" aria-hidden=\"true\">*<\/span><\/label><input type=\"text\" id=\"wpforms-1041-field_0\" class=\"wpforms-field-large wpforms-field-required\" name=\"wpforms[fields][0]\" aria-errormessage=\"wpforms-1041-field_0-error\" required><\/div><div id=\"wpforms-1041-field_1-container\" class=\"wpforms-field wpforms-field-email\" data-field-id=\"1\"><label class=\"wpforms-field-label\" for=\"wpforms-1041-field_1\">Adres e-mail <span class=\"wpforms-required-label\" aria-hidden=\"true\">*<\/span><\/label><input type=\"email\" id=\"wpforms-1041-field_1\" class=\"wpforms-field-large wpforms-field-required\" name=\"wpforms[fields][1]\" spellcheck=\"false\" aria-errormessage=\"wpforms-1041-field_1-error\" required><\/div><div id=\"wpforms-1041-field_2-container\" class=\"wpforms-field wpforms-field-textarea\" data-field-id=\"2\"><label class=\"wpforms-field-label\" for=\"wpforms-1041-field_2\">Wiadomo\u015b\u0107 <span class=\"wpforms-required-label\" aria-hidden=\"true\">*<\/span><\/label><textarea id=\"wpforms-1041-field_2\" class=\"wpforms-field-medium wpforms-field-required\" name=\"wpforms[fields][2]\" aria-errormessage=\"wpforms-1041-field_2-error\" required><\/textarea><\/div><div id=\"wpforms-1041-field_6-container\" class=\"wpforms-field wpforms-field-checkbox\" data-field-id=\"6\"><fieldset><legend class=\"wpforms-field-label\"><\/legend><ul id=\"wpforms-1041-field_6\"><li class=\"choice-1 depth-1\"><input type=\"checkbox\" id=\"wpforms-1041-field_6_1\" name=\"wpforms[fields][6][]\" value=\"Zapozna\u0142em si\u0119 polityk\u0105 prywatno\u015bci\" aria-errormessage=\"wpforms-1041-field_6_1-error\"  ><label class=\"wpforms-field-label-inline\" for=\"wpforms-1041-field_6_1\">Zapozna\u0142em si\u0119 polityk\u0105 prywatno\u015bci<\/label><\/li><li class=\"choice-2 depth-1\"><input type=\"checkbox\" id=\"wpforms-1041-field_6_2\" name=\"wpforms[fields][6][]\" value=\"Wyra\u017cam zgod\u0119 na przetwarzanie moich danych osobowych w celu udzielenie odpowiedzi na zadane przeze mnie pytanie\" aria-errormessage=\"wpforms-1041-field_6_2-error\"  ><label class=\"wpforms-field-label-inline\" for=\"wpforms-1041-field_6_2\">Wyra\u017cam zgod\u0119 na przetwarzanie moich danych osobowych w celu udzielenie odpowiedzi na zadane przeze mnie pytanie<\/label><\/li><\/ul><\/fieldset><\/div><\/div><!-- .wpforms-field-container --><div class=\"wpforms-submit-container\" ><input type=\"hidden\" name=\"wpforms[id]\" value=\"1041\"><input type=\"hidden\" name=\"page_title\" value=\"\"><input type=\"hidden\" name=\"page_url\" value=\"https:\/\/www.manufakturaturystyki.pl\/index.php\/wp-json\/wp\/v2\/pages\/701\"><input type=\"hidden\" name=\"url_referer\" value=\"\"><button type=\"submit\" name=\"wpforms[submit]\" id=\"wpforms-submit-1041\" class=\"wpforms-submit\" data-alt-text=\"Wysy\u0142anie...\" data-submit-text=\"Wy\u015blij\" aria-live=\"assertive\" value=\"wpforms-submit\">Wy\u015blij<\/button><img loading=\"lazy\" decoding=\"async\" src=\"https:\/\/www.manufakturaturystyki.pl\/wp-content\/plugins\/wpforms-lite\/assets\/images\/submit-spin.svg\" class=\"wpforms-submit-spinner\" style=\"display: none;\" width=\"26\" height=\"26\" alt=\"Wczytywanie\"><\/div><\/form><\/div>  <!-- .wpforms-container -->","protected":false},"excerpt":{"rendered":"<p>Manufaktura Turystyki ul. Prz\u0105\u015bniczki 5\/1320-838 Lublintel. +48 607929736<\/p>\n","protected":false},"author":1,"featured_media":1196,"parent":0,"menu_order":0,"comment_status":"closed","ping_status":"closed","template":"","meta":{"footnotes":""},"folder":[],"class_list":["post-701","page","type-page","status-publish","has-post-thumbnail","hentry"],"blocksy_meta":[],"yoast_head":"<!-- This site is optimized with the Yoast SEO plugin v27.4 - https:\/\/yoast.com\/product\/yoast-seo-wordpress\/ -->\n<title>Manufaktura Turystyki kontakt<\/title>\n<meta name=\"description\" content=\"Manufaktura Turystyki Lublin kontakt. Zadzwo\u0144 lub napisz do nas, z przyjemno\u015bci\u0105 odpowiemy na wszystkie pytania i przygotujemy ofert\u0119!\" \/>\n<meta name=\"robots\" content=\"index, follow, max-snippet:-1, max-image-preview:large, max-video-preview:-1\" \/>\n<link rel=\"canonical\" href=\"https:\/\/www.manufakturaturystyki.pl\/index.php\/kontakt\/\" \/>\n<meta property=\"og:locale\" content=\"pl_PL\" \/>\n<meta property=\"og:type\" content=\"article\" \/>\n<meta property=\"og:title\" content=\"Manufaktura Turystyki kontakt\" \/>\n<meta property=\"og:description\" content=\"Manufaktura Turystyki Lublin kontakt. Zadzwo\u0144 lub napisz do nas, z przyjemno\u015bci\u0105 odpowiemy na wszystkie pytania i przygotujemy ofert\u0119!\" \/>\n<meta property=\"og:url\" content=\"https:\/\/www.manufakturaturystyki.pl\/index.php\/kontakt\/\" \/>\n<meta property=\"og:site_name\" content=\"Manufaktura Turystyki\" \/>\n<meta property=\"article:publisher\" content=\"https:\/\/www.facebook.com\/manufakturaturystyki\" \/>\n<meta property=\"article:modified_time\" content=\"2023-12-28T09:23:30+00:00\" \/>\n<meta property=\"og:image\" content=\"https:\/\/www.manufakturaturystyki.pl\/wp-content\/uploads\/2023\/12\/logo_kula_wkwadracie.jpg\" \/>\n\t<meta property=\"og:image:width\" content=\"625\" \/>\n\t<meta property=\"og:image:height\" content=\"625\" \/>\n\t<meta property=\"og:image:type\" content=\"image\/jpeg\" \/>\n<meta name=\"twitter:card\" content=\"summary_large_image\" \/>\n<meta name=\"twitter:label1\" content=\"Szacowany czas czytania\" \/>\n\t<meta name=\"twitter:data1\" content=\"1 minuta\" \/>\n<script type=\"application\/ld+json\" class=\"yoast-schema-graph\">{\"@context\":\"https:\\\/\\\/schema.org\",\"@graph\":[{\"@type\":\"WebPage\",\"@id\":\"https:\\\/\\\/www.manufakturaturystyki.pl\\\/index.php\\\/kontakt\\\/\",\"url\":\"https:\\\/\\\/www.manufakturaturystyki.pl\\\/index.php\\\/kontakt\\\/\",\"name\":\"Manufaktura Turystyki kontakt\",\"isPartOf\":{\"@id\":\"https:\\\/\\\/www.manufakturaturystyki.pl\\\/#website\"},\"primaryImageOfPage\":{\"@id\":\"https:\\\/\\\/www.manufakturaturystyki.pl\\\/index.php\\\/kontakt\\\/#primaryimage\"},\"image\":{\"@id\":\"https:\\\/\\\/www.manufakturaturystyki.pl\\\/index.php\\\/kontakt\\\/#primaryimage\"},\"thumbnailUrl\":\"https:\\\/\\\/www.manufakturaturystyki.pl\\\/wp-content\\\/uploads\\\/2023\\\/12\\\/logo_kula_wkwadracie.jpg\",\"datePublished\":\"2023-12-16T08:37:05+00:00\",\"dateModified\":\"2023-12-28T09:23:30+00:00\",\"description\":\"Manufaktura Turystyki Lublin kontakt. Zadzwo\u0144 lub napisz do nas, z przyjemno\u015bci\u0105 odpowiemy na wszystkie pytania i przygotujemy ofert\u0119!\",\"breadcrumb\":{\"@id\":\"https:\\\/\\\/www.manufakturaturystyki.pl\\\/index.php\\\/kontakt\\\/#breadcrumb\"},\"inLanguage\":\"pl-PL\",\"potentialAction\":[{\"@type\":\"ReadAction\",\"target\":[\"https:\\\/\\\/www.manufakturaturystyki.pl\\\/index.php\\\/kontakt\\\/\"]}]},{\"@type\":\"ImageObject\",\"inLanguage\":\"pl-PL\",\"@id\":\"https:\\\/\\\/www.manufakturaturystyki.pl\\\/index.php\\\/kontakt\\\/#primaryimage\",\"url\":\"https:\\\/\\\/www.manufakturaturystyki.pl\\\/wp-content\\\/uploads\\\/2023\\\/12\\\/logo_kula_wkwadracie.jpg\",\"contentUrl\":\"https:\\\/\\\/www.manufakturaturystyki.pl\\\/wp-content\\\/uploads\\\/2023\\\/12\\\/logo_kula_wkwadracie.jpg\",\"width\":625,\"height\":625,\"caption\":\"Logo Manufaktura Turystyki\"},{\"@type\":\"BreadcrumbList\",\"@id\":\"https:\\\/\\\/www.manufakturaturystyki.pl\\\/index.php\\\/kontakt\\\/#breadcrumb\",\"itemListElement\":[{\"@type\":\"ListItem\",\"position\":1,\"name\":\"Strona g\u0142\u00f3wna\",\"item\":\"https:\\\/\\\/www.manufakturaturystyki.pl\\\/\"},{\"@type\":\"ListItem\",\"position\":2,\"name\":\"Kontakt\"}]},{\"@type\":\"WebSite\",\"@id\":\"https:\\\/\\\/www.manufakturaturystyki.pl\\\/#website\",\"url\":\"https:\\\/\\\/www.manufakturaturystyki.pl\\\/\",\"name\":\"Manufaktura Turystyki\",\"description\":\"\",\"publisher\":{\"@id\":\"https:\\\/\\\/www.manufakturaturystyki.pl\\\/#organization\"},\"potentialAction\":[{\"@type\":\"SearchAction\",\"target\":{\"@type\":\"EntryPoint\",\"urlTemplate\":\"https:\\\/\\\/www.manufakturaturystyki.pl\\\/?s={search_term_string}\"},\"query-input\":{\"@type\":\"PropertyValueSpecification\",\"valueRequired\":true,\"valueName\":\"search_term_string\"}}],\"inLanguage\":\"pl-PL\"},{\"@type\":\"Organization\",\"@id\":\"https:\\\/\\\/www.manufakturaturystyki.pl\\\/#organization\",\"name\":\"Manufaktura Turystyki\",\"url\":\"https:\\\/\\\/www.manufakturaturystyki.pl\\\/\",\"logo\":{\"@type\":\"ImageObject\",\"inLanguage\":\"pl-PL\",\"@id\":\"https:\\\/\\\/www.manufakturaturystyki.pl\\\/#\\\/schema\\\/logo\\\/image\\\/\",\"url\":\"https:\\\/\\\/www.manufakturaturystyki.pl\\\/wp-content\\\/uploads\\\/2023\\\/11\\\/logopng.png\",\"contentUrl\":\"https:\\\/\\\/www.manufakturaturystyki.pl\\\/wp-content\\\/uploads\\\/2023\\\/11\\\/logopng.png\",\"width\":763,\"height\":594,\"caption\":\"Manufaktura Turystyki\"},\"image\":{\"@id\":\"https:\\\/\\\/www.manufakturaturystyki.pl\\\/#\\\/schema\\\/logo\\\/image\\\/\"},\"sameAs\":[\"https:\\\/\\\/www.facebook.com\\\/manufakturaturystyki\",\"https:\\\/\\\/www.instagram.com\\\/manufakturaturystyki\\\/\"]}]}<\/script>\n<!-- \/ Yoast SEO plugin. -->","yoast_head_json":{"title":"Manufaktura Turystyki kontakt","description":"Manufaktura Turystyki Lublin kontakt. Zadzwo\u0144 lub napisz do nas, z przyjemno\u015bci\u0105 odpowiemy na wszystkie pytania i przygotujemy ofert\u0119!","robots":{"index":"index","follow":"follow","max-snippet":"max-snippet:-1","max-image-preview":"max-image-preview:large","max-video-preview":"max-video-preview:-1"},"canonical":"https:\/\/www.manufakturaturystyki.pl\/index.php\/kontakt\/","og_locale":"pl_PL","og_type":"article","og_title":"Manufaktura Turystyki kontakt","og_description":"Manufaktura Turystyki Lublin kontakt. Zadzwo\u0144 lub napisz do nas, z przyjemno\u015bci\u0105 odpowiemy na wszystkie pytania i przygotujemy ofert\u0119!","og_url":"https:\/\/www.manufakturaturystyki.pl\/index.php\/kontakt\/","og_site_name":"Manufaktura Turystyki","article_publisher":"https:\/\/www.facebook.com\/manufakturaturystyki","article_modified_time":"2023-12-28T09:23:30+00:00","og_image":[{"width":625,"height":625,"url":"https:\/\/www.manufakturaturystyki.pl\/wp-content\/uploads\/2023\/12\/logo_kula_wkwadracie.jpg","type":"image\/jpeg"}],"twitter_card":"summary_large_image","twitter_misc":{"Szacowany czas czytania":"1 minuta"},"schema":{"@context":"https:\/\/schema.org","@graph":[{"@type":"WebPage","@id":"https:\/\/www.manufakturaturystyki.pl\/index.php\/kontakt\/","url":"https:\/\/www.manufakturaturystyki.pl\/index.php\/kontakt\/","name":"Manufaktura Turystyki kontakt","isPartOf":{"@id":"https:\/\/www.manufakturaturystyki.pl\/#website"},"primaryImageOfPage":{"@id":"https:\/\/www.manufakturaturystyki.pl\/index.php\/kontakt\/#primaryimage"},"image":{"@id":"https:\/\/www.manufakturaturystyki.pl\/index.php\/kontakt\/#primaryimage"},"thumbnailUrl":"https:\/\/www.manufakturaturystyki.pl\/wp-content\/uploads\/2023\/12\/logo_kula_wkwadracie.jpg","datePublished":"2023-12-16T08:37:05+00:00","dateModified":"2023-12-28T09:23:30+00:00","description":"Manufaktura Turystyki Lublin kontakt. Zadzwo\u0144 lub napisz do nas, z przyjemno\u015bci\u0105 odpowiemy na wszystkie pytania i przygotujemy ofert\u0119!","breadcrumb":{"@id":"https:\/\/www.manufakturaturystyki.pl\/index.php\/kontakt\/#breadcrumb"},"inLanguage":"pl-PL","potentialAction":[{"@type":"ReadAction","target":["https:\/\/www.manufakturaturystyki.pl\/index.php\/kontakt\/"]}]},{"@type":"ImageObject","inLanguage":"pl-PL","@id":"https:\/\/www.manufakturaturystyki.pl\/index.php\/kontakt\/#primaryimage","url":"https:\/\/www.manufakturaturystyki.pl\/wp-content\/uploads\/2023\/12\/logo_kula_wkwadracie.jpg","contentUrl":"https:\/\/www.manufakturaturystyki.pl\/wp-content\/uploads\/2023\/12\/logo_kula_wkwadracie.jpg","width":625,"height":625,"caption":"Logo Manufaktura Turystyki"},{"@type":"BreadcrumbList","@id":"https:\/\/www.manufakturaturystyki.pl\/index.php\/kontakt\/#breadcrumb","itemListElement":[{"@type":"ListItem","position":1,"name":"Strona g\u0142\u00f3wna","item":"https:\/\/www.manufakturaturystyki.pl\/"},{"@type":"ListItem","position":2,"name":"Kontakt"}]},{"@type":"WebSite","@id":"https:\/\/www.manufakturaturystyki.pl\/#website","url":"https:\/\/www.manufakturaturystyki.pl\/","name":"Manufaktura Turystyki","description":"","publisher":{"@id":"https:\/\/www.manufakturaturystyki.pl\/#organization"},"potentialAction":[{"@type":"SearchAction","target":{"@type":"EntryPoint","urlTemplate":"https:\/\/www.manufakturaturystyki.pl\/?s={search_term_string}"},"query-input":{"@type":"PropertyValueSpecification","valueRequired":true,"valueName":"search_term_string"}}],"inLanguage":"pl-PL"},{"@type":"Organization","@id":"https:\/\/www.manufakturaturystyki.pl\/#organization","name":"Manufaktura Turystyki","url":"https:\/\/www.manufakturaturystyki.pl\/","logo":{"@type":"ImageObject","inLanguage":"pl-PL","@id":"https:\/\/www.manufakturaturystyki.pl\/#\/schema\/logo\/image\/","url":"https:\/\/www.manufakturaturystyki.pl\/wp-content\/uploads\/2023\/11\/logopng.png","contentUrl":"https:\/\/www.manufakturaturystyki.pl\/wp-content\/uploads\/2023\/11\/logopng.png","width":763,"height":594,"caption":"Manufaktura Turystyki"},"image":{"@id":"https:\/\/www.manufakturaturystyki.pl\/#\/schema\/logo\/image\/"},"sameAs":["https:\/\/www.facebook.com\/manufakturaturystyki","https:\/\/www.instagram.com\/manufakturaturystyki\/"]}]}},"_links":{"self":[{"href":"https:\/\/www.manufakturaturystyki.pl\/index.php\/wp-json\/wp\/v2\/pages\/701","targetHints":{"allow":["GET"]}}],"collection":[{"href":"https:\/\/www.manufakturaturystyki.pl\/index.php\/wp-json\/wp\/v2\/pages"}],"about":[{"href":"https:\/\/www.manufakturaturystyki.pl\/index.php\/wp-json\/wp\/v2\/types\/page"}],"author":[{"embeddable":true,"href":"https:\/\/www.manufakturaturystyki.pl\/index.php\/wp-json\/wp\/v2\/users\/1"}],"replies":[{"embeddable":true,"href":"https:\/\/www.manufakturaturystyki.pl\/index.php\/wp-json\/wp\/v2\/comments?post=701"}],"version-history":[{"count":9,"href":"https:\/\/www.manufakturaturystyki.pl\/index.php\/wp-json\/wp\/v2\/pages\/701\/revisions"}],"predecessor-version":[{"id":1046,"href":"https:\/\/www.manufakturaturystyki.pl\/index.php\/wp-json\/wp\/v2\/pages\/701\/revisions\/1046"}],"wp:featuredmedia":[{"embeddable":true,"href":"https:\/\/www.manufakturaturystyki.pl\/index.php\/wp-json\/wp\/v2\/media\/1196"}],"wp:attachment":[{"href":"https:\/\/www.manufakturaturystyki.pl\/index.php\/wp-json\/wp\/v2\/media?parent=701"}],"wp:term":[{"taxonomy":"folder","embeddable":true,"href":"https:\/\/www.manufakturaturystyki.pl\/index.php\/wp-json\/wp\/v2\/folder?post=701"}],"curies":[{"name":"wp","href":"https:\/\/api.w.org\/{rel}","templated":true}]}}